{"id":15,"date":"2024-03-09T05:13:39","date_gmt":"2024-03-09T05:13:39","guid":{"rendered":"http:\/\/pacarda.smartweb-tech.com\/?page_id=15"},"modified":"2025-06-06T06:55:51","modified_gmt":"2025-06-06T06:55:51","slug":"impressum","status":"publish","type":"page","link":"https:\/\/pacarada.de\/de\/impressum\/","title":{"rendered":"IMPRESSUM"},"content":{"rendered":"\n<p class=\"mb-0\">Hinweis zur Website<\/p>\n          <p>Angaben gem\u00e4\u00df \u00a7 5 TMG<\/p>\n\n <p class=\"mb-0\">Pacarada Verm\u00f6gensverwaltung GmbH &#038; Co. KG<\/p>\n          <p class=\"mb-0\">Benzstra\u00dfe 10<\/p>\n          <p>65779 Kelkheim (Taunus)<\/p>\n\n<p class=\"mb-0\">Handelsregister: HRB 3476<\/p>\n          <p>Registergericht: Amtsgericht K\u00f6nigstein<\/p>\n\n<p class=\"mb-0\">Vertreten durch:<\/p>\n          <p class=\"mb-0\">Pacarada Beteiligungsgesellschaft GmbH<\/p>\n          <p class=\"mb-0\">Benzstra\u00dfe 10<\/p>\n          <p>65779 Kelkheim (Taunus)<\/p>\n\n\n <p class=\"mb-0\">Diese vertreten durch:<\/p>\n          <p>Ernest Pacarada, Elvir Pacarada<\/p>\n\n          <p class=\"mb-0\">Handelsregister: HRB 8135<\/p>\n          <p>Registergericht: Amtsgericht K\u00f6nigstein<\/p>\n\n\n <p class=\"mb-0\">Kontakt<\/p>\n          <p class=\"mb-0\">Telefon: +49 (0) 6195 6774-0<\/p>\n          <p class=\"mb-0\">Telefax: +49 (0) 6195 677 41 90<\/p>\n          <p>E-Mail: hello@pacarada.de<\/p>\n\n <p class=\"mb-0\">Umsatzsteuer-ID<\/p>\n          <p class=\"mb-0\">Umsatzsteuer-Identifikationsnummer gem\u00e4\u00df \u00a7 27 a Umsatzsteuergesetz:<\/p>\n          <p>DE 281 915 750<\/p>\n\n <p class=\"mb-0\">Verbraucherstreitbeilegung\/Universalschlichtungsstelle<\/p>\n          <p>Wir sind nicht bereit oder verpflichtet, an Streitbeilegungsverfahren vor einer Verbraucherschlichtungsstelle teilzunehmen.<\/p>\n","protected":false},"excerpt":{"rendered":"<p>Hinweis zur Website Angaben gem\u00e4\u00df \u00a7 5 TMG Pacarada Verm\u00f6gensverwaltung GmbH &#038; Co. KG Benzstra\u00dfe 10 65779 Kelkheim (Taunus) Handelsregister: HRB 3476 Registergericht: Amtsgericht K\u00f6nigstein Vertreten durch: Pacarada Beteiligungsgesellschaft GmbH Benzstra\u00dfe 10 65779 Kelkheim (Taunus) Diese vertreten durch: Ernest Pacarada, Elvir Pacarada Handelsregister: HRB 8135 Registergericht: Amtsgericht K\u00f6nigstein Kontakt Telefon: +49 (0) 6195 6774-0 Telefax: [&hellip;]<\/p>\n","protected":false},"author":1,"featured_media":0,"parent":0,"menu_order":0,"comment_status":"closed","ping_status":"closed","template":"page-templates\/imprint_template.php","meta":{"footnotes":""},"class_list":["post-15","page","type-page","status-publish","hentry"],"yoast_head":"<!-- This site is optimized with the Yoast SEO plugin v24.3 - https:\/\/yoast.com\/wordpress\/plugins\/seo\/ -->\n<title>IMPRESSUM - Home - Pacarada Group<\/title>\n<meta name=\"robots\" content=\"index, follow, max-snippet:-1, max-image-preview:large, max-video-preview:-1\" \/>\n<link rel=\"canonical\" href=\"https:\/\/pacarada.de\/de\/impressum\/\" \/>\n<meta property=\"og:locale\" content=\"de_DE\" \/>\n<meta property=\"og:type\" content=\"article\" \/>\n<meta property=\"og:title\" content=\"IMPRESSUM - Home - Pacarada Group\" \/>\n<meta property=\"og:description\" content=\"Hinweis zur Website Angaben gem\u00e4\u00df \u00a7 5 TMG Pacarada Verm\u00f6gensverwaltung GmbH &#038; Co. KG Benzstra\u00dfe 10 65779 Kelkheim (Taunus) Handelsregister: HRB 3476 Registergericht: Amtsgericht K\u00f6nigstein Vertreten durch: Pacarada Beteiligungsgesellschaft GmbH Benzstra\u00dfe 10 65779 Kelkheim (Taunus) Diese vertreten durch: Ernest Pacarada, Elvir Pacarada Handelsregister: HRB 8135 Registergericht: Amtsgericht K\u00f6nigstein Kontakt Telefon: +49 (0) 6195 6774-0 Telefax: [&hellip;]\" \/>\n<meta property=\"og:url\" content=\"https:\/\/pacarada.de\/de\/impressum\/\" \/>\n<meta property=\"og:site_name\" content=\"Home - Pacarada Group\" \/>\n<meta property=\"article:modified_time\" content=\"2025-06-06T06:55:51+00:00\" \/>\n<meta name=\"twitter:card\" content=\"summary_large_image\" \/>\n<meta name=\"twitter:label1\" content=\"Gesch\u00e4tzte Lesezeit\" \/>\n\t<meta name=\"twitter:data1\" content=\"1\u00a0Minute\" \/>\n<script type=\"application\/ld+json\" class=\"yoast-schema-graph\">{\"@context\":\"https:\/\/schema.org\",\"@graph\":[{\"@type\":\"WebPage\",\"@id\":\"https:\/\/pacarada.de\/de\/impressum\/\",\"url\":\"https:\/\/pacarada.de\/de\/impressum\/\",\"name\":\"IMPRESSUM - Home - Pacarada Group\",\"isPartOf\":{\"@id\":\"https:\/\/pacarada.de\/#website\"},\"datePublished\":\"2024-03-09T05:13:39+00:00\",\"dateModified\":\"2025-06-06T06:55:51+00:00\",\"breadcrumb\":{\"@id\":\"https:\/\/pacarada.de\/de\/impressum\/#breadcrumb\"},\"inLanguage\":\"de\",\"potentialAction\":[{\"@type\":\"ReadAction\",\"target\":[\"https:\/\/pacarada.de\/de\/impressum\/\"]}]},{\"@type\":\"BreadcrumbList\",\"@id\":\"https:\/\/pacarada.de\/de\/impressum\/#breadcrumb\",\"itemListElement\":[{\"@type\":\"ListItem\",\"position\":1,\"name\":\"Startseite\",\"item\":\"https:\/\/pacarada.de\/\"},{\"@type\":\"ListItem\",\"position\":2,\"name\":\"IMPRESSUM\"}]},{\"@type\":\"WebSite\",\"@id\":\"https:\/\/pacarada.de\/#website\",\"url\":\"https:\/\/pacarada.de\/\",\"name\":\"Home - Pacarada Group\",\"description\":\"\",\"publisher\":{\"@id\":\"https:\/\/pacarada.de\/#organization\"},\"potentialAction\":[{\"@type\":\"SearchAction\",\"target\":{\"@type\":\"EntryPoint\",\"urlTemplate\":\"https:\/\/pacarada.de\/?s={search_term_string}\"},\"query-input\":{\"@type\":\"PropertyValueSpecification\",\"valueRequired\":true,\"valueName\":\"search_term_string\"}}],\"inLanguage\":\"de\"},{\"@type\":\"Organization\",\"@id\":\"https:\/\/pacarada.de\/#organization\",\"name\":\"Home - Pacarada Group\",\"url\":\"https:\/\/pacarada.de\/\",\"logo\":{\"@type\":\"ImageObject\",\"inLanguage\":\"de\",\"@id\":\"https:\/\/pacarada.de\/#\/schema\/logo\/image\/\",\"url\":\"https:\/\/pacarada.de\/wp-content\/uploads\/2024\/07\/Pacarada_Group_2-1-1.png\",\"contentUrl\":\"https:\/\/pacarada.de\/wp-content\/uploads\/2024\/07\/Pacarada_Group_2-1-1.png\",\"width\":324,\"height\":364,\"caption\":\"Home - Pacarada Group\"},\"image\":{\"@id\":\"https:\/\/pacarada.de\/#\/schema\/logo\/image\/\"}}]}<\/script>\n<!-- \/ Yoast SEO plugin. -->","yoast_head_json":{"title":"IMPRESSUM - Home - Pacarada Group","robots":{"index":"index","follow":"follow","max-snippet":"max-snippet:-1","max-image-preview":"max-image-preview:large","max-video-preview":"max-video-preview:-1"},"canonical":"https:\/\/pacarada.de\/de\/impressum\/","og_locale":"de_DE","og_type":"article","og_title":"IMPRESSUM - Home - Pacarada Group","og_description":"Hinweis zur Website Angaben gem\u00e4\u00df \u00a7 5 TMG Pacarada Verm\u00f6gensverwaltung GmbH &#038; Co. KG Benzstra\u00dfe 10 65779 Kelkheim (Taunus) Handelsregister: HRB 3476 Registergericht: Amtsgericht K\u00f6nigstein Vertreten durch: Pacarada Beteiligungsgesellschaft GmbH Benzstra\u00dfe 10 65779 Kelkheim (Taunus) Diese vertreten durch: Ernest Pacarada, Elvir Pacarada Handelsregister: HRB 8135 Registergericht: Amtsgericht K\u00f6nigstein Kontakt Telefon: +49 (0) 6195 6774-0 Telefax: [&hellip;]","og_url":"https:\/\/pacarada.de\/de\/impressum\/","og_site_name":"Home - Pacarada Group","article_modified_time":"2025-06-06T06:55:51+00:00","twitter_card":"summary_large_image","twitter_misc":{"Gesch\u00e4tzte Lesezeit":"1\u00a0Minute"},"schema":{"@context":"https:\/\/schema.org","@graph":[{"@type":"WebPage","@id":"https:\/\/pacarada.de\/de\/impressum\/","url":"https:\/\/pacarada.de\/de\/impressum\/","name":"IMPRESSUM - Home - Pacarada Group","isPartOf":{"@id":"https:\/\/pacarada.de\/#website"},"datePublished":"2024-03-09T05:13:39+00:00","dateModified":"2025-06-06T06:55:51+00:00","breadcrumb":{"@id":"https:\/\/pacarada.de\/de\/impressum\/#breadcrumb"},"inLanguage":"de","potentialAction":[{"@type":"ReadAction","target":["https:\/\/pacarada.de\/de\/impressum\/"]}]},{"@type":"BreadcrumbList","@id":"https:\/\/pacarada.de\/de\/impressum\/#breadcrumb","itemListElement":[{"@type":"ListItem","position":1,"name":"Startseite","item":"https:\/\/pacarada.de\/"},{"@type":"ListItem","position":2,"name":"IMPRESSUM"}]},{"@type":"WebSite","@id":"https:\/\/pacarada.de\/#website","url":"https:\/\/pacarada.de\/","name":"Home - Pacarada Group","description":"","publisher":{"@id":"https:\/\/pacarada.de\/#organization"},"potentialAction":[{"@type":"SearchAction","target":{"@type":"EntryPoint","urlTemplate":"https:\/\/pacarada.de\/?s={search_term_string}"},"query-input":{"@type":"PropertyValueSpecification","valueRequired":true,"valueName":"search_term_string"}}],"inLanguage":"de"},{"@type":"Organization","@id":"https:\/\/pacarada.de\/#organization","name":"Home - Pacarada Group","url":"https:\/\/pacarada.de\/","logo":{"@type":"ImageObject","inLanguage":"de","@id":"https:\/\/pacarada.de\/#\/schema\/logo\/image\/","url":"https:\/\/pacarada.de\/wp-content\/uploads\/2024\/07\/Pacarada_Group_2-1-1.png","contentUrl":"https:\/\/pacarada.de\/wp-content\/uploads\/2024\/07\/Pacarada_Group_2-1-1.png","width":324,"height":364,"caption":"Home - Pacarada Group"},"image":{"@id":"https:\/\/pacarada.de\/#\/schema\/logo\/image\/"}}]}},"_links":{"self":[{"href":"https:\/\/pacarada.de\/de\/wp-json\/wp\/v2\/pages\/15","targetHints":{"allow":["GET"]}}],"collection":[{"href":"https:\/\/pacarada.de\/de\/wp-json\/wp\/v2\/pages"}],"about":[{"href":"https:\/\/pacarada.de\/de\/wp-json\/wp\/v2\/types\/page"}],"author":[{"embeddable":true,"href":"https:\/\/pacarada.de\/de\/wp-json\/wp\/v2\/users\/1"}],"replies":[{"embeddable":true,"href":"https:\/\/pacarada.de\/de\/wp-json\/wp\/v2\/comments?post=15"}],"version-history":[{"count":8,"href":"https:\/\/pacarada.de\/de\/wp-json\/wp\/v2\/pages\/15\/revisions"}],"predecessor-version":[{"id":2626,"href":"https:\/\/pacarada.de\/de\/wp-json\/wp\/v2\/pages\/15\/revisions\/2626"}],"wp:attachment":[{"href":"https:\/\/pacarada.de\/de\/wp-json\/wp\/v2\/media?parent=15"}],"curies":[{"name":"wp","href":"https:\/\/api.w.org\/{rel}","templated":true}]}}